{"id":479,"date":"2020-02-03T17:53:04","date_gmt":"2020-02-03T17:53:04","guid":{"rendered":"https:\/\/www.kidsfairyland.com\/es\/?page_id=479"},"modified":"2022-04-27T19:22:04","modified_gmt":"2022-04-27T19:22:04","slug":"about-us","status":"publish","type":"page","link":"https:\/\/www.kidsfairyland.com\/es\/about-us\/","title":{"rendered":"Nosotros"},"content":{"rendered":"\t\t<div data-elementor-type=\"wp-page\" data-elementor-id=\"479\" class=\"elementor elementor-479\" data-elementor-post-type=\"page\">\n\t\t\t\t\t\t<section class=\"elementor-section elementor-top-section elementor-element elementor-element-4492794 elementor-section-boxed elementor-section-height-default elementor-section-height-default\" data-id=\"4492794\" data-element_type=\"section\">\n\t\t\t\t\t\t<div class=\"elementor-container elementor-column-gap-default\">\n\t\t\t\t\t<div class=\"elementor-column elementor-col-100 elementor-top-column elementor-element elementor-element-d38d21b\" data-id=\"d38d21b\" data-element_type=\"column\">\n\t\t\t<div class=\"elementor-widget-wrap elementor-element-populated\">\n\t\t\t\t\t\t<div class=\"elementor-element elementor-element-c88343b elementor-widget elementor-widget-heading\" data-id=\"c88343b\" data-element_type=\"widget\" data-widget_type=\"heading.default\">\n\t\t\t\t<div class=\"elementor-widget-container\">\n\t\t\t\t\t<h2 class=\"elementor-heading-title elementor-size-default\">Kids Fairyland\n<\/h2>\t\t\t\t<\/div>\n\t\t\t\t<\/div>\n\t\t\t\t<div class=\"elementor-element elementor-element-cfe88eb elementor-widget elementor-widget-text-editor\" data-id=\"cfe88eb\" data-element_type=\"widget\" data-widget_type=\"text-editor.default\">\n\t\t\t\t<div class=\"elementor-widget-container\">\n\t\t\t\t\t\t\t\t\t<h3>Nominado como \u00abLos Mejores Artistas\u00bb de 2011, 2012, 2013, 2014 y 2015 la Asociaci\u00f3n de Comercio de Estados Unidos (USCA)<\/h3><p>Kids Fairyland es una compa\u00f1\u00eda de entretenimiento l\u00edder de alquiler de las partes y con muchos a\u00f1os de experiencia y dedicaci\u00f3n, ofreciendo productos de entretenimiento y de alquiler del partido de alta calidad para todas las ciudades situadas en el sur de la Florida (Miami, Broward y Pam Beach).<\/p><p>Somos una empresa de servicios y la planificaci\u00f3n del partido completo (con licencia y asegurados), especializada en espect\u00e1culos tem\u00e1ticos. Si no hemos creado el tema, definitivamente podemos hacer que suceda. Adem\u00e1s de hacer cualquier cuento vuelto a la vida, tambi\u00e9n podemos crear temas con los musicales de Broadway y pel\u00edculas en mente. Tambi\u00e9n proporcionamos biling\u00fces ingl\u00e9s \/ espa\u00f1ol espect\u00e1culos a petici\u00f3n de los ni\u00f1os Fairyland es sin duda la \u00fanica compa\u00f1\u00eda en todo el sur de la Florida que ofrece una verdadera y completa producci\u00f3n interactiva de principio a fin. Si usted est\u00e1 buscando para un evento peque\u00f1o e \u00edntimo o un cargo de la producci\u00f3n superior, vamos a asegurar a cada evento es una experiencia incre\u00edble e inolvidable que transportar\u00e1 a sus invitados a la fantas\u00eda a la mano.<\/p><p>Sabemos exactamente lo que desea para ese d\u00eda especial. Por esa raz\u00f3n, ponemos a su disposici\u00f3n diferentes tipos de espect\u00e1culos con trajes de colores y juegos originales con los trajes y accesorios, que son s\u00faper din\u00e1mico y divertido para la integraci\u00f3n de todos los ni\u00f1os y las familias.<\/p><p>Tambi\u00e9n tenemos una gran variedad de personajes de buena calidad, espect\u00e1culos tem\u00e1ticos, producciones, pintura de la cara, globoflexia, brillo tatuaje, casas inflables, toboganes de agua, m\u00e1quinas de concesi\u00f3n (palomitas de ma\u00edz, algod\u00f3n de az\u00facar, cono de nieve y el perro caliente), sin rieles de tren , decoraci\u00f3n, ponis, zool\u00f3gico, mesas, sillas, carpas y m\u00e1s.<\/p>\t\t\t\t\t\t\t\t<\/div>\n\t\t\t\t<\/div>\n\t\t\t\t<div class=\"elementor-element elementor-element-cdd51f0 elementor-widget elementor-widget-spacer\" data-id=\"cdd51f0\" data-element_type=\"widget\" data-widget_type=\"spacer.default\">\n\t\t\t\t<div class=\"elementor-widget-container\">\n\t\t\t\t\t\t\t<div class=\"elementor-spacer\">\n\t\t\t<div class=\"elementor-spacer-inner\"><\/div>\n\t\t<\/div>\n\t\t\t\t\t\t<\/div>\n\t\t\t\t<\/div>\n\t\t\t\t<div class=\"elementor-element elementor-element-8ad9612 elementor-widget elementor-widget-gallery\" data-id=\"8ad9612\" data-element_type=\"widget\" data-settings=\"{&quot;gallery_layout&quot;:&quot;justified&quot;,&quot;lazyload&quot;:&quot;yes&quot;,&quot;ideal_row_height&quot;:{&quot;unit&quot;:&quot;px&quot;,&quot;size&quot;:200,&quot;sizes&quot;:[]},&quot;ideal_row_height_tablet&quot;:{&quot;unit&quot;:&quot;px&quot;,&quot;size&quot;:150,&quot;sizes&quot;:[]},&quot;ideal_row_height_mobile&quot;:{&quot;unit&quot;:&quot;px&quot;,&quot;size&quot;:150,&quot;sizes&quot;:[]},&quot;gap&quot;:{&quot;unit&quot;:&quot;px&quot;,&quot;size&quot;:10,&quot;sizes&quot;:[]},&quot;gap_tablet&quot;:{&quot;unit&quot;:&quot;px&quot;,&quot;size&quot;:10,&quot;sizes&quot;:[]},&quot;gap_mobile&quot;:{&quot;unit&quot;:&quot;px&quot;,&quot;size&quot;:10,&quot;sizes&quot;:[]},&quot;link_to&quot;:&quot;file&quot;,&quot;overlay_background&quot;:&quot;yes&quot;,&quot;content_hover_animation&quot;:&quot;fade-in&quot;}\" data-widget_type=\"gallery.default\">\n\t\t\t\t<div class=\"elementor-widget-container\">\n\t\t\t\t\t\t\t<div class=\"elementor-gallery__container\">\n\t\t\t\t\t<\/div>\n\t\t\t\t\t<\/div>\n\t\t\t\t<\/div>\n\t\t\t\t\t<\/div>\n\t\t<\/div>\n\t\t\t\t\t<\/div>\n\t\t<\/section>\n\t\t\t\t<\/div>\n\t\t","protected":false},"excerpt":{"rendered":"Kids Fairyland Nominado como \u00abLos Mejores Artistas\u00bb de 2011, 2012, 2013, 2014 y 2015 la Asociaci\u00f3n de Comercio de Estados Unidos (USCA)Kids Fairyland es una compa\u00f1\u00eda de entretenimiento l\u00edder de alquiler de las partes y con muchos a\u00f1os de experiencia y dedicaci\u00f3n, ofreciendo productos de entretenimiento y de alquiler del partido de alta calidad para [&hellip;]","protected":false},"author":1,"featured_media":0,"parent":0,"menu_order":0,"comment_status":"closed","ping_status":"closed","template":"","meta":{"io_meta_description":"","footnotes":""},"class_list":["post-479","page","type-page","status-publish","hentry"],"_links":{"self":[{"href":"https:\/\/www.kidsfairyland.com\/es\/wp-json\/wp\/v2\/pages\/479","targetHints":{"allow":["GET"]}}],"collection":[{"href":"https:\/\/www.kidsfairyland.com\/es\/wp-json\/wp\/v2\/pages"}],"about":[{"href":"https:\/\/www.kidsfairyland.com\/es\/wp-json\/wp\/v2\/types\/page"}],"author":[{"embeddable":true,"href":"https:\/\/www.kidsfairyland.com\/es\/wp-json\/wp\/v2\/users\/1"}],"replies":[{"embeddable":true,"href":"https:\/\/www.kidsfairyland.com\/es\/wp-json\/wp\/v2\/comments?post=479"}],"version-history":[{"count":0,"href":"https:\/\/www.kidsfairyland.com\/es\/wp-json\/wp\/v2\/pages\/479\/revisions"}],"wp:attachment":[{"href":"https:\/\/www.kidsfairyland.com\/es\/wp-json\/wp\/v2\/media?parent=479"}],"curies":[{"name":"wp","href":"https:\/\/api.w.org\/{rel}","templated":true}]}}